{"id":102,"date":"2021-07-03T16:45:48","date_gmt":"2021-07-03T14:45:48","guid":{"rendered":"https:\/\/traseproject.com\/?page_id=102"},"modified":"2021-07-04T08:35:07","modified_gmt":"2021-07-04T06:35:07","slug":"start_lt","status":"publish","type":"page","link":"https:\/\/traseproject.com\/?page_id=102&lang=lt","title":{"rendered":"start_lt"},"content":{"rendered":"\n<h2 class=\"has-text-color wp-block-heading\" style=\"color:#de0063\">Lytinio \u0161vietimo mokymai \u017emon\u0117ms su negalia<\/h2>\n\n\n\n<div class=\"alignnormal\"><div id=\"metaslider-id-87\" style=\"width: 100%;\" class=\"ml-slider-3-102-0 metaslider metaslider-nivo metaslider-87 ml-slider ms-theme-default\" role=\"region\" aria-label=\"de\" data-height=\"600\" data-width=\"1000\">\n    <div id=\"metaslider_container_87\">\n        <div class='slider-wrapper theme-default'><div class='ribbon'><\/div><div id='metaslider_87' class='nivoSlider'><img loading=\"lazy\" decoding=\"async\" src=\"https:\/\/traseproject.com\/wp-content\/uploads\/2021\/07\/canvas-1000x600.png\" height=\"600\" width=\"1000\" data-caption=\" \" title=\"canvas\" alt=\"\" class=\"slider-87 slide-92 msDefaultImage\" \/><img loading=\"lazy\" decoding=\"async\" src=\"https:\/\/traseproject.com\/wp-content\/uploads\/2021\/07\/shutterstock_51739495-scaled-1000x600.jpg\" height=\"600\" width=\"1000\" data-caption=\" \" title=\"shutterstock_51739495\" alt=\"\" class=\"slider-87 slide-88 msDefaultImage\" \/><img loading=\"lazy\" decoding=\"async\" src=\"https:\/\/traseproject.com\/wp-content\/uploads\/2021\/07\/shutterstock_228839311-1000x600.jpg\" height=\"600\" width=\"1000\" data-caption=\" \" title=\"shutterstock_228839311\" alt=\"\" class=\"slider-87 slide-89 msDefaultImage\" \/><img loading=\"lazy\" decoding=\"async\" src=\"https:\/\/traseproject.com\/wp-content\/uploads\/2021\/07\/shutterstock_186310022-scaled-1000x600.jpg\" height=\"600\" width=\"1000\" data-caption=\" \" title=\"shutterstock_186310022\" alt=\"\" class=\"slider-87 slide-90 msDefaultImage\" \/><img loading=\"lazy\" decoding=\"async\" src=\"https:\/\/traseproject.com\/wp-content\/uploads\/2021\/07\/shutterstock_127586135-1000x600.jpg\" height=\"600\" width=\"1000\" data-caption=\" \" title=\"shutterstock_127586135\" alt=\"\" class=\"slider-87 slide-91 msDefaultImage\" \/><\/div><\/div>\n        \n    <\/div>\n<\/div><\/div>\n\n\n\n<div class=\"wp-block-group\"><div class=\"wp-block-group__inner-container is-layout-flow wp-block-group-is-layout-flow\">\n<h2 class=\"has-text-color wp-block-heading\" style=\"color:#de0063\">Apie projekt\u0105<\/h2>\n\n\n\n<p>TRASE yra edukacinis projektas lytinio \u0161vietimo srityje, kur\u012f remi\u0105 ir finansuoja &#8222;Erasmus +&#8220; ir kuris kuriamas projekto partneri\u0173 i\u0161 septyni\u0173 skirting\u0173 Europos \u0161ali\u0173 institucij\u0173: Belgijos, Liuksemburgo, JK, Vokietijos, Austrijos, Portugalijos ir Lietuvos institucij\u0173.<\/p>\n<\/div><\/div>\n\n\n\n<div class=\"wp-block-columns is-layout-flex wp-container-core-columns-is-layout-9d6595d7 wp-block-columns-is-layout-flex\">\n<div class=\"wp-block-column is-layout-flow wp-block-column-is-layout-flow\" style=\"flex-basis:33.33%\">\n<figure class=\"wp-block-image size-large\"><img loading=\"lazy\" decoding=\"async\" width=\"369\" height=\"297\" src=\"https:\/\/traseproject.com\/wp-content\/uploads\/2021\/07\/partners.jpg\" alt=\"\" class=\"wp-image-96\" srcset=\"https:\/\/traseproject.com\/wp-content\/uploads\/2021\/07\/partners.jpg 369w, https:\/\/traseproject.com\/wp-content\/uploads\/2021\/07\/partners-300x241.jpg 300w\" sizes=\"auto, (max-width: 369px) 100vw, 369px\" \/><\/figure>\n<\/div>\n\n\n\n<div class=\"wp-block-column is-layout-flow wp-block-column-is-layout-flow\" style=\"flex-basis:66.66%\">\n<h2 class=\"has-text-color wp-block-heading\" style=\"color:#de0063\">Partneriai<\/h2>\n\n\n\n<p>Partneriai i\u0161 septyni\u0173 Europos \u0161ali\u0173 dalyvauja \u0161iame projekte, kiekvienas prisideda savo veiklos patirtimi.<\/p>\n\n\n\n<p>Kai kurie partneriai specializuojasi lytinio \u0161vietimu ir ly\u010di\u0173 studijomis, kiti &#8211; ne\u012fgalumo ir \u0161vietimo tema, o vienas &#8211; kurdamas internetines mokymosi platformas.<\/p>\n<\/div>\n<\/div>\n","protected":false},"excerpt":{"rendered":"<p>Lytinio \u0161vietimo mokymai \u017emon\u0117ms su negalia Apie projekt\u0105 TRASE yra edukacinis projektas lytinio \u0161vietimo srityje, kur\u012f remi\u0105 ir finansuoja &#8222;Erasmus +&#8220; ir kuris kuriamas projekto partneri\u0173 i\u0161 septyni\u0173 skirting\u0173 Europos \u0161ali\u0173 institucij\u0173: Belgijos, Liuksemburgo, JK, Vokietijos, Austrijos, Portugalijos ir Lietuvos institucij\u0173. Partneriai Partneriai i\u0161 septyni\u0173 Europos \u0161ali\u0173 dalyvauja \u0161iame projekte, kiekvienas prisideda savo veiklos patirtimi. [&hellip;]<\/p>\n","protected":false},"author":1,"featured_media":0,"parent":0,"menu_order":0,"comment_status":"closed","ping_status":"closed","template":"","meta":{"_genesis_hide_title":true,"_genesis_hide_breadcrumbs":false,"_genesis_hide_singular_image":false,"_genesis_hide_footer_widgets":false,"_genesis_custom_body_class":"","_genesis_custom_post_class":"","_genesis_layout":"","footnotes":""},"class_list":{"0":"post-102","1":"page","2":"type-page","3":"status-publish","5":"entry"},"yoast_head":"<!-- This site is optimized with the Yoast SEO plugin v26.3 - https:\/\/yoast.com\/wordpress\/plugins\/seo\/ -->\n<title>start_lt - Traseproject<\/title>\n<meta name=\"robots\" content=\"index, follow, max-snippet:-1, max-image-preview:large, max-video-preview:-1\" \/>\n<link rel=\"canonical\" href=\"https:\/\/traseproject.com\/?page_id=102&lang=lt\" \/>\n<meta property=\"og:locale\" content=\"de_DE\" \/>\n<meta property=\"og:type\" content=\"article\" \/>\n<meta property=\"og:title\" content=\"start_lt - Traseproject\" \/>\n<meta property=\"og:description\" content=\"Lytinio \u0161vietimo mokymai \u017emon\u0117ms su negalia Apie projekt\u0105 TRASE yra edukacinis projektas lytinio \u0161vietimo srityje, kur\u012f remi\u0105 ir finansuoja &#8222;Erasmus +&#8220; ir kuris kuriamas projekto partneri\u0173 i\u0161 septyni\u0173 skirting\u0173 Europos \u0161ali\u0173 institucij\u0173: Belgijos, Liuksemburgo, JK, Vokietijos, Austrijos, Portugalijos ir Lietuvos institucij\u0173. Partneriai Partneriai i\u0161 septyni\u0173 Europos \u0161ali\u0173 dalyvauja \u0161iame projekte, kiekvienas prisideda savo veiklos patirtimi. [&hellip;]\" \/>\n<meta property=\"og:url\" content=\"https:\/\/traseproject.com\/?page_id=102&amp;lang=lt\" \/>\n<meta property=\"og:site_name\" content=\"Traseproject\" \/>\n<meta property=\"article:modified_time\" content=\"2021-07-04T06:35:07+00:00\" \/>\n<meta property=\"og:image\" content=\"https:\/\/traseproject.com\/wp-content\/uploads\/2021\/07\/partners.jpg\" \/>\n<meta name=\"twitter:card\" content=\"summary_large_image\" \/>\n<script type=\"application\/ld+json\" class=\"yoast-schema-graph\">{\"@context\":\"https:\/\/schema.org\",\"@graph\":[{\"@type\":\"WebPage\",\"@id\":\"https:\/\/traseproject.com\/?page_id=102&lang=lt\",\"url\":\"https:\/\/traseproject.com\/?page_id=102&lang=lt\",\"name\":\"start_lt - Traseproject\",\"isPartOf\":{\"@id\":\"https:\/\/traseproject.com\/#website\"},\"primaryImageOfPage\":{\"@id\":\"https:\/\/traseproject.com\/?page_id=102&lang=lt#primaryimage\"},\"image\":{\"@id\":\"https:\/\/traseproject.com\/?page_id=102&lang=lt#primaryimage\"},\"thumbnailUrl\":\"https:\/\/traseproject.com\/wp-content\/uploads\/2021\/07\/partners.jpg\",\"datePublished\":\"2021-07-03T14:45:48+00:00\",\"dateModified\":\"2021-07-04T06:35:07+00:00\",\"breadcrumb\":{\"@id\":\"https:\/\/traseproject.com\/?page_id=102&lang=lt#breadcrumb\"},\"inLanguage\":\"de\",\"potentialAction\":[{\"@type\":\"ReadAction\",\"target\":[\"https:\/\/traseproject.com\/?page_id=102&lang=lt\"]}]},{\"@type\":\"ImageObject\",\"inLanguage\":\"de\",\"@id\":\"https:\/\/traseproject.com\/?page_id=102&lang=lt#primaryimage\",\"url\":\"https:\/\/traseproject.com\/wp-content\/uploads\/2021\/07\/partners.jpg\",\"contentUrl\":\"https:\/\/traseproject.com\/wp-content\/uploads\/2021\/07\/partners.jpg\",\"width\":369,\"height\":297},{\"@type\":\"BreadcrumbList\",\"@id\":\"https:\/\/traseproject.com\/?page_id=102&lang=lt#breadcrumb\",\"itemListElement\":[{\"@type\":\"ListItem\",\"position\":1,\"name\":\"Startseite\",\"item\":\"https:\/\/traseproject.com\/\"},{\"@type\":\"ListItem\",\"position\":2,\"name\":\"start_lt\"}]},{\"@type\":\"WebSite\",\"@id\":\"https:\/\/traseproject.com\/#website\",\"url\":\"https:\/\/traseproject.com\/\",\"name\":\"Traseproject\",\"description\":\"\",\"publisher\":{\"@id\":\"https:\/\/traseproject.com\/#organization\"},\"potentialAction\":[{\"@type\":\"SearchAction\",\"target\":{\"@type\":\"EntryPoint\",\"urlTemplate\":\"https:\/\/traseproject.com\/?s={search_term_string}\"},\"query-input\":{\"@type\":\"PropertyValueSpecification\",\"valueRequired\":true,\"valueName\":\"search_term_string\"}}],\"inLanguage\":\"de\"},{\"@type\":\"Organization\",\"@id\":\"https:\/\/traseproject.com\/#organization\",\"name\":\"TRASE-Project\",\"url\":\"https:\/\/traseproject.com\/\",\"logo\":{\"@type\":\"ImageObject\",\"inLanguage\":\"de\",\"@id\":\"https:\/\/traseproject.com\/#\/schema\/logo\/image\/\",\"url\":\"https:\/\/traseproject.com\/wp-content\/uploads\/2021\/07\/cropped-header_neu.jpg\",\"contentUrl\":\"https:\/\/traseproject.com\/wp-content\/uploads\/2021\/07\/cropped-header_neu.jpg\",\"width\":558,\"height\":132,\"caption\":\"TRASE-Project\"},\"image\":{\"@id\":\"https:\/\/traseproject.com\/#\/schema\/logo\/image\/\"}}]}<\/script>\n<!-- \/ Yoast SEO plugin. -->","yoast_head_json":{"title":"start_lt - Traseproject","robots":{"index":"index","follow":"follow","max-snippet":"max-snippet:-1","max-image-preview":"max-image-preview:large","max-video-preview":"max-video-preview:-1"},"canonical":"https:\/\/traseproject.com\/?page_id=102&lang=lt","og_locale":"de_DE","og_type":"article","og_title":"start_lt - Traseproject","og_description":"Lytinio \u0161vietimo mokymai \u017emon\u0117ms su negalia Apie projekt\u0105 TRASE yra edukacinis projektas lytinio \u0161vietimo srityje, kur\u012f remi\u0105 ir finansuoja &#8222;Erasmus +&#8220; ir kuris kuriamas projekto partneri\u0173 i\u0161 septyni\u0173 skirting\u0173 Europos \u0161ali\u0173 institucij\u0173: Belgijos, Liuksemburgo, JK, Vokietijos, Austrijos, Portugalijos ir Lietuvos institucij\u0173. Partneriai Partneriai i\u0161 septyni\u0173 Europos \u0161ali\u0173 dalyvauja \u0161iame projekte, kiekvienas prisideda savo veiklos patirtimi. [&hellip;]","og_url":"https:\/\/traseproject.com\/?page_id=102&lang=lt","og_site_name":"Traseproject","article_modified_time":"2021-07-04T06:35:07+00:00","og_image":[{"url":"https:\/\/traseproject.com\/wp-content\/uploads\/2021\/07\/partners.jpg","type":"","width":"","height":""}],"twitter_card":"summary_large_image","schema":{"@context":"https:\/\/schema.org","@graph":[{"@type":"WebPage","@id":"https:\/\/traseproject.com\/?page_id=102&lang=lt","url":"https:\/\/traseproject.com\/?page_id=102&lang=lt","name":"start_lt - Traseproject","isPartOf":{"@id":"https:\/\/traseproject.com\/#website"},"primaryImageOfPage":{"@id":"https:\/\/traseproject.com\/?page_id=102&lang=lt#primaryimage"},"image":{"@id":"https:\/\/traseproject.com\/?page_id=102&lang=lt#primaryimage"},"thumbnailUrl":"https:\/\/traseproject.com\/wp-content\/uploads\/2021\/07\/partners.jpg","datePublished":"2021-07-03T14:45:48+00:00","dateModified":"2021-07-04T06:35:07+00:00","breadcrumb":{"@id":"https:\/\/traseproject.com\/?page_id=102&lang=lt#breadcrumb"},"inLanguage":"de","potentialAction":[{"@type":"ReadAction","target":["https:\/\/traseproject.com\/?page_id=102&lang=lt"]}]},{"@type":"ImageObject","inLanguage":"de","@id":"https:\/\/traseproject.com\/?page_id=102&lang=lt#primaryimage","url":"https:\/\/traseproject.com\/wp-content\/uploads\/2021\/07\/partners.jpg","contentUrl":"https:\/\/traseproject.com\/wp-content\/uploads\/2021\/07\/partners.jpg","width":369,"height":297},{"@type":"BreadcrumbList","@id":"https:\/\/traseproject.com\/?page_id=102&lang=lt#breadcrumb","itemListElement":[{"@type":"ListItem","position":1,"name":"Startseite","item":"https:\/\/traseproject.com\/"},{"@type":"ListItem","position":2,"name":"start_lt"}]},{"@type":"WebSite","@id":"https:\/\/traseproject.com\/#website","url":"https:\/\/traseproject.com\/","name":"Traseproject","description":"","publisher":{"@id":"https:\/\/traseproject.com\/#organization"},"potentialAction":[{"@type":"SearchAction","target":{"@type":"EntryPoint","urlTemplate":"https:\/\/traseproject.com\/?s={search_term_string}"},"query-input":{"@type":"PropertyValueSpecification","valueRequired":true,"valueName":"search_term_string"}}],"inLanguage":"de"},{"@type":"Organization","@id":"https:\/\/traseproject.com\/#organization","name":"TRASE-Project","url":"https:\/\/traseproject.com\/","logo":{"@type":"ImageObject","inLanguage":"de","@id":"https:\/\/traseproject.com\/#\/schema\/logo\/image\/","url":"https:\/\/traseproject.com\/wp-content\/uploads\/2021\/07\/cropped-header_neu.jpg","contentUrl":"https:\/\/traseproject.com\/wp-content\/uploads\/2021\/07\/cropped-header_neu.jpg","width":558,"height":132,"caption":"TRASE-Project"},"image":{"@id":"https:\/\/traseproject.com\/#\/schema\/logo\/image\/"}}]}},"_links":{"self":[{"href":"https:\/\/traseproject.com\/index.php?rest_route=\/wp\/v2\/pages\/102","targetHints":{"allow":["GET"]}}],"collection":[{"href":"https:\/\/traseproject.com\/index.php?rest_route=\/wp\/v2\/pages"}],"about":[{"href":"https:\/\/traseproject.com\/index.php?rest_route=\/wp\/v2\/types\/page"}],"author":[{"embeddable":true,"href":"https:\/\/traseproject.com\/index.php?rest_route=\/wp\/v2\/users\/1"}],"replies":[{"embeddable":true,"href":"https:\/\/traseproject.com\/index.php?rest_route=%2Fwp%2Fv2%2Fcomments&post=102"}],"version-history":[{"count":4,"href":"https:\/\/traseproject.com\/index.php?rest_route=\/wp\/v2\/pages\/102\/revisions"}],"predecessor-version":[{"id":163,"href":"https:\/\/traseproject.com\/index.php?rest_route=\/wp\/v2\/pages\/102\/revisions\/163"}],"wp:attachment":[{"href":"https:\/\/traseproject.com\/index.php?rest_route=%2Fwp%2Fv2%2Fmedia&parent=102"}],"curies":[{"name":"wp","href":"https:\/\/api.w.org\/{rel}","templated":true}]}}